{"id":4156,"date":"2025-05-12T21:35:42","date_gmt":"2025-05-12T21:35:42","guid":{"rendered":"https:\/\/vilaminho.pt\/?page_id=4156"},"modified":"2025-05-12T21:38:41","modified_gmt":"2025-05-12T21:38:41","slug":"politica-de-privacidade","status":"publish","type":"page","link":"https:\/\/vilaminho.pt\/en\/politica-de-privacidade\/","title":{"rendered":"Privacy Policy"},"content":{"rendered":"<div data-elementor-type=\"wp-page\" data-elementor-id=\"4156\" class=\"elementor elementor-4156\">\n\t\t\t\t\t\t<section class=\"elementor-section elementor-top-section elementor-element elementor-element-550a993 elementor-section-boxed elementor-section-height-default elementor-section-height-default\" data-id=\"550a993\" data-element_type=\"section\" data-settings=\"{&quot;wdt_bg_image&quot;:{&quot;url&quot;:&quot;&quot;,&quot;id&quot;:&quot;&quot;,&quot;size&quot;:&quot;&quot;},&quot;wdt_bg_image_widescreen&quot;:{&quot;url&quot;:&quot;&quot;,&quot;id&quot;:&quot;&quot;,&quot;size&quot;:&quot;&quot;},&quot;wdt_bg_image_laptop&quot;:{&quot;url&quot;:&quot;&quot;,&quot;id&quot;:&quot;&quot;,&quot;size&quot;:&quot;&quot;},&quot;wdt_bg_image_tablet_extra&quot;:{&quot;url&quot;:&quot;&quot;,&quot;id&quot;:&quot;&quot;,&quot;size&quot;:&quot;&quot;},&quot;wdt_bg_image_tablet&quot;:{&quot;url&quot;:&quot;&quot;,&quot;id&quot;:&quot;&quot;,&quot;size&quot;:&quot;&quot;},&quot;wdt_bg_image_mobile&quot;:{&quot;url&quot;:&quot;&quot;,&quot;id&quot;:&quot;&quot;,&quot;size&quot;:&quot;&quot;},&quot;wdt_bg_position&quot;:&quot;center center&quot;,&quot;wdt_animation_effect&quot;:&quot;none&quot;}\">\n\t\t\t\t\t\t<div class=\"elementor-container elementor-column-gap-default\">\n\t\t\t\t\t<div class=\"elementor-column elementor-col-100 elementor-top-column elementor-element elementor-element-70f29e0\" data-id=\"70f29e0\" data-element_type=\"column\">\n\t\t\t<div class=\"elementor-widget-wrap\">\n\t\t\t\t\t\t\t<\/div>\n\t\t<\/div>\n\t\t\t\t\t<\/div>\n\t\t<\/section>\n\t\t\t\t<section class=\"elementor-section elementor-top-section elementor-element elementor-element-2184221 elementor-section-boxed elementor-section-height-default elementor-section-height-default\" data-id=\"2184221\" data-element_type=\"section\" data-settings=\"{&quot;wdt_bg_image&quot;:{&quot;url&quot;:&quot;&quot;,&quot;id&quot;:&quot;&quot;,&quot;size&quot;:&quot;&quot;},&quot;wdt_bg_image_widescreen&quot;:{&quot;url&quot;:&quot;&quot;,&quot;id&quot;:&quot;&quot;,&quot;size&quot;:&quot;&quot;},&quot;wdt_bg_image_laptop&quot;:{&quot;url&quot;:&quot;&quot;,&quot;id&quot;:&quot;&quot;,&quot;size&quot;:&quot;&quot;},&quot;wdt_bg_image_tablet_extra&quot;:{&quot;url&quot;:&quot;&quot;,&quot;id&quot;:&quot;&quot;,&quot;size&quot;:&quot;&quot;},&quot;wdt_bg_image_tablet&quot;:{&quot;url&quot;:&quot;&quot;,&quot;id&quot;:&quot;&quot;,&quot;size&quot;:&quot;&quot;},&quot;wdt_bg_image_mobile&quot;:{&quot;url&quot;:&quot;&quot;,&quot;id&quot;:&quot;&quot;,&quot;size&quot;:&quot;&quot;},&quot;wdt_bg_position&quot;:&quot;center center&quot;,&quot;wdt_animation_effect&quot;:&quot;none&quot;}\">\n\t\t\t\t\t\t<div class=\"elementor-container elementor-column-gap-default\">\n\t\t\t\t\t<div class=\"elementor-column elementor-col-100 elementor-top-column elementor-element elementor-element-288d938\" data-id=\"288d938\" data-element_type=\"column\">\n\t\t\t<div class=\"elementor-widget-wrap elementor-element-populated\">\n\t\t\t\t\t\t<div class=\"elementor-element elementor-element-e5bfd89 elementor-widget elementor-widget-html\" data-id=\"e5bfd89\" data-element_type=\"widget\" data-settings=\"{&quot;wdt_animation_effect&quot;:&quot;none&quot;}\" data-widget_type=\"html.default\">\n\t\t\t\t<div class=\"elementor-widget-container\">\n\t\t\t\t\t<span style=\"color: rgb(68, 68, 68);\">Your privacy is important to us. It is Vilaminho's policy to respect your privacy regarding any information we may collect on the website. <a href=\"https:\/\/vilaminho.pt\/en\/\">Vilaminho<\/a>, e outros sites que possu\u00edmos e operamos.<\/span><\/p><p><span style=\"color: rgb(68, 68, 68);\">We only request personal information when we truly need it to provide you with a service. We do so by fair and lawful means, with your knowledge and consent. We also inform you why we are collecting it and how it will be used.<\/span><\/p><p><span style=\"color: rgb(68, 68, 68);\">We only retain the information collected for as long as necessary to provide the requested service. When we store data, we protect it using commercially acceptable means to prevent loss and theft, as well as unauthorised access, disclosure, copying, use or modification.<\/span><\/p><p><span style=\"color: rgb(68, 68, 68);\">We do not share personally identifiable information publicly or with third parties, except when required by law.<\/span><\/p><p><span style=\"color: rgb(68, 68, 68);\">Our website may contain links to external sites that are not operated by us. Please be aware that we have no control over the content and practices of these sites and cannot accept responsibility for their respective policies.&nbsp;<\/span><a href=\"https:\/\/politicaprivacidade.com\/\" rel=\"noopener noreferrer\" target=\"_blank\" style=\"background-color: transparent; color: rgb(68, 68, 68);\">privacy policies<\/a><span style=\"color: rgb(68, 68, 68);\">.<\/span><\/p><p><span style=\"color: rgb(68, 68, 68);\">You are free to refuse our request for personal information, understanding that we may be unable to provide some of the desired services.<\/span><\/p><p><span style=\"color: rgb(68, 68, 68);\">Continued use of our website will be regarded as acceptance of our practices regarding privacy and personal information. If you have any questions about how we handle user data and personal information, please contact us.<\/span><\/p><p><span style=\"color: rgb(68, 68, 68);\"><ul><li><span style=\"color: rgb(68, 68, 68);\">The Google AdSense service we use to serve advertising uses the DoubleClick cookie to deliver more relevant ads across the web and to limit the number of times a particular ad is shown to you.<\/span><\/li><li><span style=\"color: rgb(68, 68, 68);\">For more information about Google AdSense, please refer to the official Google AdSense privacy FAQs.<\/span><\/li><li><span style=\"color: rgb(68, 68, 68);\">We use ads to offset the costs of running this site and to fund future development. The behavioural advertising cookies used by this site are designed to ensure that you are shown the most relevant ads whenever possible, by anonymously tracking your interests and presenting similar content that may be of interest to you.<\/span><\/li><li><span style=\"color: rgb(68, 68, 68);\">V\u00e1rios parceiros anunciam em nosso nome e os cookies de rastreamento de afiliados simplesmente nos permitem ver se nossos clientes acessaram o site atrav\u00e9s de um dos sites de nossos parceiros, para que possamos credit\u00e1-los adequadamente e, quando aplic\u00e1vel, permitir que nossos parceiros afiliados ofere\u00e7am qualquer promo\u00e7\u00e3o que pode fornec\u00ea-lo para fazer uma compra.<\/span><\/li><\/ul><p><br><\/p><\/span><\/p><h3><span style=\"color: rgb(68, 68, 68);\">User Commitment<\/span><\/h3><p><span style=\"color: rgb(68, 68, 68);\">The user agrees to make proper use of the content and information that Vilaminho offers on the website, including but not limited to:<\/span><\/p><ul><li><span style=\"color: rgb(68, 68, 68);\">A) Not to engage in activities that are illegal or contrary to good faith and public order;<\/span><\/li><li><span style=\"color: rgb(68, 68, 68);\">B) Not to distribute propaganda or content of a racist, xenophobic nature, gambling, any kind of illegal pornography, content supporting terrorism, or content against human rights;<\/span><\/li><li><span style=\"color: rgb(68, 68, 68);\">C) Not to cause damage to the physical (hardware) and logical (software) systems of Vilaminho, its suppliers, or third parties, or to introduce or spread computer viruses or any other hardware or software systems capable of causing the aforementioned damage.<\/span><\/li><\/ul><h3><span style=\"color: rgb(68, 68, 68);\">More information<\/span><\/h3><p><span style=\"color: rgb(68, 68, 68);\">We hope this has clarified things and, as mentioned earlier, if there is something you\u2019re not sure whether you need or not, it\u2019s usually safer to leave cookies enabled in case they interact with one of the features you use on our site.<\/span><\/p><p><span style=\"color: rgb(68, 68, 68);\">This policy is effective as of 12 May 2025.<\/span><\/p>\t\t\t\t<\/div>\n\t\t\t\t<\/div>\n\t\t\t\t\t<\/div>\n\t\t<\/div>\n\t\t\t\t\t<\/div>\n\t\t<\/section>\n\t\t\t\t<\/div>","protected":false},"excerpt":{"rendered":"<p>A sua privacidade \u00e9 importante para n\u00f3s. \u00c9 pol\u00edtica do Vilaminho respeitar a sua privacidade em rela\u00e7\u00e3o a qualquer informa\u00e7\u00e3o sua que possamos coletar no site Vilaminho, e outros sites que possu\u00edmos e operamos. Solicitamos informa\u00e7\u00f5es pessoais apenas quando realmente precisamos delas para lhe fornecer um servi\u00e7o. Fazemo-lo por meios justos e legais, com o [&hellip;]<\/p>","protected":false},"author":1,"featured_media":0,"parent":0,"menu_order":0,"comment_status":"closed","ping_status":"closed","template":"","meta":{"_joinchat":[],"footnotes":""},"class_list":["post-4156","page","type-page","status-publish","hentry"],"_links":{"self":[{"href":"https:\/\/vilaminho.pt\/en\/wp-json\/wp\/v2\/pages\/4156","targetHints":{"allow":["GET"]}}],"collection":[{"href":"https:\/\/vilaminho.pt\/en\/wp-json\/wp\/v2\/pages"}],"about":[{"href":"https:\/\/vilaminho.pt\/en\/wp-json\/wp\/v2\/types\/page"}],"author":[{"embeddable":true,"href":"https:\/\/vilaminho.pt\/en\/wp-json\/wp\/v2\/users\/1"}],"replies":[{"embeddable":true,"href":"https:\/\/vilaminho.pt\/en\/wp-json\/wp\/v2\/comments?post=4156"}],"version-history":[{"count":10,"href":"https:\/\/vilaminho.pt\/en\/wp-json\/wp\/v2\/pages\/4156\/revisions"}],"predecessor-version":[{"id":4168,"href":"https:\/\/vilaminho.pt\/en\/wp-json\/wp\/v2\/pages\/4156\/revisions\/4168"}],"wp:attachment":[{"href":"https:\/\/vilaminho.pt\/en\/wp-json\/wp\/v2\/media?parent=4156"}],"curies":[{"name":"wp","href":"https:\/\/api.w.org\/{rel}","templated":true}]}}